{"id":86,"date":"2019-04-22T14:37:16","date_gmt":"2019-04-22T11:37:16","guid":{"rendered":"http:\/\/localhost\/wptr\/?page_id=86"},"modified":"2019-04-30T15:41:29","modified_gmt":"2019-04-30T12:41:29","slug":"anasayfa","status":"publish","type":"page","link":"https:\/\/gemsaluminyum.com\/","title":{"rendered":"Anasayfa"},"content":{"rendered":"\r\n<h4 class=\"wp-block-heading\">Gems\u00ae Al\u00fcminyum<\/h4>\r\n\r\n\r\n\r\n<h5 class=\"wp-block-heading\">Advanced Aluminium Solutions<\/h5>\r\n\r\n\r\n\r\n<h6 class=\"wp-block-heading\">HAKKIMIZDA<\/h6>\r\n\r\n\r\n\r\n<p>Gems\u00ae Al\u00fcminyum 2011 y\u0131l\u0131nda K\u00fctahya Gediz\u2019de kurulan Elma Yap\u0131 tescilli markas\u0131d\u0131r. 2016 sonuna do\u011fru \u00fcretim tesislerinin ve y\u00f6netim ofislerinin tek \u00e7at\u0131 alt\u0131nda toplanmas\u0131 daha iyi bir organizasyon ve kaliteyi beraberinde getirmi\u015ftir. Gems\u00ae Al\u00fcminyum\u2019un ana amac\u0131 kaliteli \u00fcr\u00fcn\u00fc ve en iyi servisi garantilemektir. Gems\u00ae Al\u00fcminyum, y\u00fcksek kalite ve servis beklentisi olan yurti\u00e7i ve yurtd\u0131\u015f\u0131 farkl\u0131 end\u00fcstri dallar\u0131na hizmet veren, ba\u015fl\u0131ca al\u00fcminyum profil \u00fcreticilerinden biridir.<\/p>\r\n\r\n\r\n\r\n<figure class=\"wp-block-image\"><img loading=\"lazy\" decoding=\"async\" width=\"1024\" height=\"434\" class=\"wp-image-87\" src=\"http:\/\/localhost\/wptr\/wp-content\/uploads\/2019\/04\/BACKGROUND-1024x434.jpg\" alt=\"\" srcset=\"https:\/\/gemsaluminyum.com\/wp-content\/uploads\/2019\/04\/BACKGROUND-1024x434.jpg 1024w, https:\/\/gemsaluminyum.com\/wp-content\/uploads\/2019\/04\/BACKGROUND-600x254.jpg 600w, https:\/\/gemsaluminyum.com\/wp-content\/uploads\/2019\/04\/BACKGROUND-300x127.jpg 300w, https:\/\/gemsaluminyum.com\/wp-content\/uploads\/2019\/04\/BACKGROUND-768x326.jpg 768w, https:\/\/gemsaluminyum.com\/wp-content\/uploads\/2019\/04\/BACKGROUND.jpg 1241w\" sizes=\"(max-width: 1024px) 100vw, 1024px\" \/><\/figure>\r\n\r\n\r\n\r\n<ul class=\"wp-block-gallery columns-4 is-cropped wp-block-gallery-1 is-layout-flex wp-block-gallery-is-layout-flex\">\r\n<li class=\"blocks-gallery-item\">\r\n<figure><img loading=\"lazy\" decoding=\"async\" width=\"781\" height=\"601\" class=\"wp-image-89\" src=\"http:\/\/localhost\/wptr\/wp-content\/uploads\/2019\/04\/sertifikalar.png\" alt=\"\" data-id=\"89\" srcset=\"https:\/\/gemsaluminyum.com\/wp-content\/uploads\/2019\/04\/sertifikalar.png 781w, https:\/\/gemsaluminyum.com\/wp-content\/uploads\/2019\/04\/sertifikalar-600x462.png 600w, https:\/\/gemsaluminyum.com\/wp-content\/uploads\/2019\/04\/sertifikalar-300x231.png 300w, https:\/\/gemsaluminyum.com\/wp-content\/uploads\/2019\/04\/sertifikalar-768x591.png 768w\" sizes=\"(max-width: 781px) 100vw, 781px\" \/>\r\n<figcaption><a href=\"https:\/\/elmayapi.com\/belgelerimiz\/\" target=\"_blank\" rel=\"noreferrer noopener\" aria-label=\"Sertifikalar\u0131m\u0131z (yeni sekmede a\u00e7\u0131l\u0131r)\">Sertifikalar\u0131m\u0131z<\/a><\/figcaption>\r\n<\/figure>\r\n<\/li>\r\n<li class=\"blocks-gallery-item\">\r\n<figure><img loading=\"lazy\" decoding=\"async\" width=\"780\" height=\"600\" class=\"wp-image-91\" src=\"http:\/\/localhost\/wptr\/wp-content\/uploads\/2019\/04\/Bizden-Haberler-1.jpg\" alt=\"\" data-id=\"91\" data-link=\"http:\/\/localhost\/wptr\/?attachment_id=91\" srcset=\"https:\/\/gemsaluminyum.com\/wp-content\/uploads\/2019\/04\/Bizden-Haberler-1.jpg 780w, https:\/\/gemsaluminyum.com\/wp-content\/uploads\/2019\/04\/Bizden-Haberler-1-600x462.jpg 600w, https:\/\/gemsaluminyum.com\/wp-content\/uploads\/2019\/04\/Bizden-Haberler-1-300x231.jpg 300w, https:\/\/gemsaluminyum.com\/wp-content\/uploads\/2019\/04\/Bizden-Haberler-1-768x591.jpg 768w\" sizes=\"(max-width: 780px) 100vw, 780px\" \/>\r\n<figcaption><strong><a href=\"https:\/\/elmayapi.com\/bizden-haberler\/\" target=\"_blank\" rel=\"noreferrer noopener\" aria-label=\"Bizden Haberler (yeni sekmede a\u00e7\u0131l\u0131r)\">Bizden Haberler<\/a><\/strong><\/figcaption>\r\n<\/figure>\r\n<\/li>\r\n<li class=\"blocks-gallery-item\">\r\n<figure><img loading=\"lazy\" decoding=\"async\" width=\"780\" height=\"600\" class=\"wp-image-92\" src=\"http:\/\/localhost\/wptr\/wp-content\/uploads\/2019\/04\/Medya-Dokumanlari.jpg\" alt=\"\" data-id=\"92\" data-link=\"http:\/\/localhost\/wptr\/?attachment_id=92\" srcset=\"https:\/\/gemsaluminyum.com\/wp-content\/uploads\/2019\/04\/Medya-Dokumanlari.jpg 780w, https:\/\/gemsaluminyum.com\/wp-content\/uploads\/2019\/04\/Medya-Dokumanlari-600x462.jpg 600w, https:\/\/gemsaluminyum.com\/wp-content\/uploads\/2019\/04\/Medya-Dokumanlari-300x231.jpg 300w, https:\/\/gemsaluminyum.com\/wp-content\/uploads\/2019\/04\/Medya-Dokumanlari-768x591.jpg 768w\" sizes=\"(max-width: 780px) 100vw, 780px\" \/>\r\n<figcaption><strong><a href=\"https:\/\/elmayapi.com\/medya-dokumanlari\/\" target=\"_blank\" rel=\"noreferrer noopener\" aria-label=\"Medya D\u00f6k\u00fcmanlar\u0131 (yeni sekmede a\u00e7\u0131l\u0131r)\">Medya D\u00f6k\u00fcmanlar\u0131<\/a><\/strong><\/figcaption>\r\n<\/figure>\r\n<\/li>\r\n<\/ul>\r\n\r\n\r\n\r\n<div class=\"wp-block-media-text alignwide has-media-on-the-right is-stacked-on-mobile\">\r\n<figure class=\"wp-block-media-text__media\"><\/figure>\r\n<div class=\"wp-block-media-text__content\">\r\n<h4 class=\"wp-block-heading\">\u00a0Gems\u00ae Al\u00fcminyum<\/h4>\r\n<h4>Elma Yap\u0131n\u0131n tescilli markas\u0131d\u0131r.<\/h4>\r\n\r\n\r\n\r\n<h4 class=\"wp-block-heading\">\u00a0<\/h4>\r\n<h4>Firma Sitelerimiz<\/h4>\r\n\r\n\r\n\r\n<ul>\r\n<li>\u00a0<a href=\"http:\/\/rekap-store.com\/\">rekap-store.com<\/a><\/li>\r\n<li>\u00a0<a href=\"http:\/\/elmayapi.com\/\">elmayapi.com<\/a><\/li>\r\n<li>\u00a0<a href=\"https:\/\/rekap.com.tr\/\">rekap.com.tr<\/a><\/li>\r\n<\/ul>\r\n\r\n\r\n\r\n<h4 class=\"wp-block-heading\">\u0130leti\u015fim<\/h4>\r\n\r\n\r\n\r\n<p>Tel: +90 (212) 264 0951<br \/>Email:\u00a0<a href=\"mailto:info@rekap.com.tr\">info@gemsaluminyum.com<\/a><\/p>\r\n\r\n\r\n\r\n<p>Harmantepe Mah. G\u00fczeldere cad.\u00a0<br \/>No:90 Ka\u011f\u0131thane<br \/>\u0130STANBUL<\/p>\r\n<\/div>\r\n<\/div>\r\n\r\n\r\n","protected":false},"excerpt":{"rendered":"<p>Gems\u00ae Al\u00fcminyum Advanced Aluminium Solutions HAKKIMIZDA Gems\u00ae Al\u00fcminyum 2011 y\u0131l\u0131nda K\u00fctahya Gediz\u2019de kurulan Elma Yap\u0131 tescilli markas\u0131d\u0131r. 2016 sonuna do\u011fru \u00fcretim tesislerinin ve y\u00f6netim ofislerinin tek \u00e7at\u0131 alt\u0131nda toplanmas\u0131 daha iyi bir organizasyon ve kaliteyi beraberinde getirmi\u015ftir. Gems\u00ae Al\u00fcminyum\u2019un ana amac\u0131 kaliteli \u00fcr\u00fcn\u00fc ve en iyi servisi garantilemektir. Gems\u00ae Al\u00fcminyum, y\u00fcksek kalite ve servis beklentisi [&hellip;]<\/p>\n","protected":false},"author":1,"featured_media":0,"parent":0,"menu_order":1,"comment_status":"closed","ping_status":"closed","template":"","meta":{"_mi_skip_tracking":false,"_exactmetrics_sitenote_active":false,"_exactmetrics_sitenote_note":"","_exactmetrics_sitenote_category":0,"_monsterinsights_sitenote_active":false,"_monsterinsights_sitenote_note":"","_monsterinsights_sitenote_category":0,"footnotes":""},"_links":{"self":[{"href":"https:\/\/gemsaluminyum.com\/index.php?rest_route=\/wp\/v2\/pages\/86"}],"collection":[{"href":"https:\/\/gemsaluminyum.com\/index.php?rest_route=\/wp\/v2\/pages"}],"about":[{"href":"https:\/\/gemsaluminyum.com\/index.php?rest_route=\/wp\/v2\/types\/page"}],"author":[{"embeddable":true,"href":"https:\/\/gemsaluminyum.com\/index.php?rest_route=\/wp\/v2\/users\/1"}],"replies":[{"embeddable":true,"href":"https:\/\/gemsaluminyum.com\/index.php?rest_route=%2Fwp%2Fv2%2Fcomments&post=86"}],"version-history":[{"count":17,"href":"https:\/\/gemsaluminyum.com\/index.php?rest_route=\/wp\/v2\/pages\/86\/revisions"}],"predecessor-version":[{"id":487,"href":"https:\/\/gemsaluminyum.com\/index.php?rest_route=\/wp\/v2\/pages\/86\/revisions\/487"}],"wp:attachment":[{"href":"https:\/\/gemsaluminyum.com\/index.php?rest_route=%2Fwp%2Fv2%2Fmedia&parent=86"}],"curies":[{"name":"wp","href":"https:\/\/api.w.org\/{rel}","templated":true}]}}