{"id":375,"date":"2019-04-23T15:43:28","date_gmt":"2019-04-23T12:43:28","guid":{"rendered":"http:\/\/localhost\/wptr\/?page_id=375"},"modified":"2019-04-24T10:26:45","modified_gmt":"2019-04-24T07:26:45","slug":"lojistik-2","status":"publish","type":"page","link":"https:\/\/gemsaluminyum.com\/?page_id=375","title":{"rendered":"Lojistik"},"content":{"rendered":"\n<p> Gems\u00ae Al\u00fcminyum; lider nakliye firmalar\u0131 ile birlikte \u00e7al\u0131\u015farak, g\u00fcvenli ve tam zaman\u0131nda \u00fcr\u00fcn teslimat\u0131 ilkesiyle m\u00fc\u015fterilerine en iyi servis hizmetini sa\u011flamakt\u0131r. <\/p>\n\n\n\n<figure class=\"wp-block-image\"><img loading=\"lazy\" decoding=\"async\" width=\"1024\" height=\"576\" src=\"http:\/\/localhost\/wptr\/wp-content\/uploads\/2019\/04\/home09_04G-1024x576.jpg\" alt=\"\" class=\"wp-image-423\" srcset=\"https:\/\/gemsaluminyum.com\/wp-content\/uploads\/2019\/04\/home09_04G-1024x576.jpg 1024w, https:\/\/gemsaluminyum.com\/wp-content\/uploads\/2019\/04\/home09_04G-600x338.jpg 600w, https:\/\/gemsaluminyum.com\/wp-content\/uploads\/2019\/04\/home09_04G-300x169.jpg 300w, https:\/\/gemsaluminyum.com\/wp-content\/uploads\/2019\/04\/home09_04G-768x432.jpg 768w, https:\/\/gemsaluminyum.com\/wp-content\/uploads\/2019\/04\/home09_04G.jpg 1920w\" sizes=\"(max-width: 1024px) 100vw, 1024px\" \/><\/figure>\n","protected":false},"excerpt":{"rendered":"<p>Gems\u00ae Al\u00fcminyum; lider nakliye firmalar\u0131 ile birlikte \u00e7al\u0131\u015farak, g\u00fcvenli ve tam zaman\u0131nda \u00fcr\u00fcn teslimat\u0131 ilkesiyle m\u00fc\u015fterilerine en iyi servis hizmetini sa\u011flamakt\u0131r.<\/p>\n","protected":false},"author":1,"featured_media":0,"parent":0,"menu_order":0,"comment_status":"closed","ping_status":"closed","template":"","meta":{"_mi_skip_tracking":false,"_exactmetrics_sitenote_active":false,"_exactmetrics_sitenote_note":"","_exactmetrics_sitenote_category":0,"_monsterinsights_sitenote_active":false,"_monsterinsights_sitenote_note":"","_monsterinsights_sitenote_category":0,"footnotes":""},"_links":{"self":[{"href":"https:\/\/gemsaluminyum.com\/index.php?rest_route=\/wp\/v2\/pages\/375"}],"collection":[{"href":"https:\/\/gemsaluminyum.com\/index.php?rest_route=\/wp\/v2\/pages"}],"about":[{"href":"https:\/\/gemsaluminyum.com\/index.php?rest_route=\/wp\/v2\/types\/page"}],"author":[{"embeddable":true,"href":"https:\/\/gemsaluminyum.com\/index.php?rest_route=\/wp\/v2\/users\/1"}],"replies":[{"embeddable":true,"href":"https:\/\/gemsaluminyum.com\/index.php?rest_route=%2Fwp%2Fv2%2Fcomments&post=375"}],"version-history":[{"count":2,"href":"https:\/\/gemsaluminyum.com\/index.php?rest_route=\/wp\/v2\/pages\/375\/revisions"}],"predecessor-version":[{"id":424,"href":"https:\/\/gemsaluminyum.com\/index.php?rest_route=\/wp\/v2\/pages\/375\/revisions\/424"}],"wp:attachment":[{"href":"https:\/\/gemsaluminyum.com\/index.php?rest_route=%2Fwp%2Fv2%2Fmedia&parent=375"}],"curies":[{"name":"wp","href":"https:\/\/api.w.org\/{rel}","templated":true}]}}