{"id":368,"date":"2019-04-23T15:42:43","date_gmt":"2019-04-23T12:42:43","guid":{"rendered":"http:\/\/localhost\/wptr\/?page_id=368"},"modified":"2019-04-24T10:18:35","modified_gmt":"2019-04-24T07:18:35","slug":"kalite","status":"publish","type":"page","link":"https:\/\/gemsaluminyum.com\/?page_id=368","title":{"rendered":"Kalite"},"content":{"rendered":"\n<p>\n\nKalite anlay\u0131\u015f\u0131m\u0131z, \u00fcretti\u011fimiz \u00fcr\u00fcnlerle s\u0131n\u0131rl\u0131 olmay\u0131p, kaliteyi firmam\u0131z\u0131n kurumsal kimli\u011finin bir par\u00e7as\u0131 olarak g\u00f6rmekteyiz. Bu sebeple, stratejilerimizi belirlerken k\u0131sa vadeli getirilerden \u00e7ok uzun vadeli kararlara odaklan\u0131p kalite anlay\u0131\u015f\u0131m\u0131z\u0131 her alanda firma dokumuza yerle\u015ftirmeye \u00e7al\u0131\u015f\u0131yoruz. Bu anlay\u0131\u015f \u00e7er\u00e7evesinde sekt\u00f6r\u00fcm\u00fcz\u00fcn \u00f6nc\u00fc ve \u00f6rnek al\u0131nan firmalar\u0131ndan biri oldu\u011fumuzu g\u00f6r\u00fcyor, bununla da gurur duyuyoruz. Kalite politikam\u0131z, i\u015f partnerlerimizle kazan kazan temeline dayal\u0131 uzun vadeli ili\u015fkiler kurmakt\u0131r. Buna ek olarak kalite politikam\u0131z, m\u00fc\u015fterilerimizin mutlulu\u011funun \u00e7al\u0131\u015fan tatmininden ge\u00e7ti\u011fini bilerek, sekt\u00f6r\u00fcm\u00fczde en iyi i\u015fveren olabilmek, ortaklar\u0131m\u0131za, devletimize ve \u00e7evremize olan sorumluluklar\u0131m\u0131z\u0131 en iyi \u015fekilde yerine getirerek, toplumumuza fayda sa\u011flayan bir firma olabilmektir.\n\n<\/p>\n\n\n\n<figure class=\"wp-block-image\"><img loading=\"lazy\" decoding=\"async\" width=\"700\" height=\"525\" src=\"http:\/\/localhost\/wptr\/wp-content\/uploads\/2019\/04\/Sold-Aluminum-Alloys.jpg\" alt=\"\" class=\"wp-image-421\" srcset=\"https:\/\/gemsaluminyum.com\/wp-content\/uploads\/2019\/04\/Sold-Aluminum-Alloys.jpg 700w, https:\/\/gemsaluminyum.com\/wp-content\/uploads\/2019\/04\/Sold-Aluminum-Alloys-600x450.jpg 600w, https:\/\/gemsaluminyum.com\/wp-content\/uploads\/2019\/04\/Sold-Aluminum-Alloys-300x225.jpg 300w\" sizes=\"(max-width: 700px) 100vw, 700px\" \/><\/figure>\n","protected":false},"excerpt":{"rendered":"<p>Kalite anlay\u0131\u015f\u0131m\u0131z, \u00fcretti\u011fimiz \u00fcr\u00fcnlerle s\u0131n\u0131rl\u0131 olmay\u0131p, kaliteyi firmam\u0131z\u0131n kurumsal kimli\u011finin bir par\u00e7as\u0131 olarak g\u00f6rmekteyiz. Bu sebeple, stratejilerimizi belirlerken k\u0131sa vadeli getirilerden \u00e7ok uzun vadeli kararlara odaklan\u0131p kalite anlay\u0131\u015f\u0131m\u0131z\u0131 her alanda firma dokumuza yerle\u015ftirmeye \u00e7al\u0131\u015f\u0131yoruz. Bu anlay\u0131\u015f \u00e7er\u00e7evesinde sekt\u00f6r\u00fcm\u00fcz\u00fcn \u00f6nc\u00fc ve \u00f6rnek al\u0131nan firmalar\u0131ndan biri oldu\u011fumuzu g\u00f6r\u00fcyor, bununla da gurur duyuyoruz. Kalite politikam\u0131z, i\u015f partnerlerimizle kazan [&hellip;]<\/p>\n","protected":false},"author":1,"featured_media":0,"parent":0,"menu_order":0,"comment_status":"closed","ping_status":"closed","template":"","meta":{"_mi_skip_tracking":false,"_exactmetrics_sitenote_active":false,"_exactmetrics_sitenote_note":"","_exactmetrics_sitenote_category":0,"_monsterinsights_sitenote_active":false,"_monsterinsights_sitenote_note":"","_monsterinsights_sitenote_category":0,"footnotes":""},"_links":{"self":[{"href":"https:\/\/gemsaluminyum.com\/index.php?rest_route=\/wp\/v2\/pages\/368"}],"collection":[{"href":"https:\/\/gemsaluminyum.com\/index.php?rest_route=\/wp\/v2\/pages"}],"about":[{"href":"https:\/\/gemsaluminyum.com\/index.php?rest_route=\/wp\/v2\/types\/page"}],"author":[{"embeddable":true,"href":"https:\/\/gemsaluminyum.com\/index.php?rest_route=\/wp\/v2\/users\/1"}],"replies":[{"embeddable":true,"href":"https:\/\/gemsaluminyum.com\/index.php?rest_route=%2Fwp%2Fv2%2Fcomments&post=368"}],"version-history":[{"count":2,"href":"https:\/\/gemsaluminyum.com\/index.php?rest_route=\/wp\/v2\/pages\/368\/revisions"}],"predecessor-version":[{"id":422,"href":"https:\/\/gemsaluminyum.com\/index.php?rest_route=\/wp\/v2\/pages\/368\/revisions\/422"}],"wp:attachment":[{"href":"https:\/\/gemsaluminyum.com\/index.php?rest_route=%2Fwp%2Fv2%2Fmedia&parent=368"}],"curies":[{"name":"wp","href":"https:\/\/api.w.org\/{rel}","templated":true}]}}