{"id":354,"date":"2019-04-23T15:40:40","date_gmt":"2019-04-23T12:40:40","guid":{"rendered":"http:\/\/localhost\/wptr\/?page_id=354"},"modified":"2019-04-24T21:43:24","modified_gmt":"2019-04-24T18:43:24","slug":"mekanik-islem","status":"publish","type":"page","link":"https:\/\/gemsaluminyum.com\/?page_id=354","title":{"rendered":"Mekanik \u0130\u015flem"},"content":{"rendered":"\r\n<p>S\u00fcrekli geni\u015fleyen ve yenilenen \u00fcretim tesisimizde \u00e7ok \u00e7e\u015fitli mekanik i\u015flem \u00e7\u00f6z\u00fcmleri sunuyoruz. Ger\u00e7ekle\u015ftirdi\u011fimiz i\u015flem uygulamalar\u0131ndan baz\u0131lar\u0131 a\u015fa\u011f\u0131daki gibidir; \u2022 A\u00e7\u0131l\u0131 ve 90 derece kesim. \u2022 Profil kesim y\u00fczeylerinin z\u0131mparalanmas\u0131. \u2022 CNC hassas dilimleme. \u2022 CNC boru b\u00fckme. \u2022 Eksantrik presle delik delme, birle\u015ftirme, kanal a\u00e7ma. \u2022 CNC profil b\u00fckme. \u2022 K\u0131lavuz \u00e7ekme ve hav\u015fa a\u00e7ma. \u2022 Kaynak, per\u00e7in ve presleme.<img loading=\"lazy\" decoding=\"async\" class=\"wp-image-417\" src=\"http:\/\/localhost\/wptr\/wp-content\/uploads\/2019\/04\/ROT3U-6DOF-Al-minyum-Robot-Kol-Mekanik-Robot-Kelep-e-Pen-e-G-m.jpg\" alt=\"\" width=\"606\" height=\"606\" srcset=\"https:\/\/gemsaluminyum.com\/wp-content\/uploads\/2019\/04\/ROT3U-6DOF-Al-minyum-Robot-Kol-Mekanik-Robot-Kelep-e-Pen-e-G-m.jpg 500w, https:\/\/gemsaluminyum.com\/wp-content\/uploads\/2019\/04\/ROT3U-6DOF-Al-minyum-Robot-Kol-Mekanik-Robot-Kelep-e-Pen-e-G-m-300x300.jpg 300w, https:\/\/gemsaluminyum.com\/wp-content\/uploads\/2019\/04\/ROT3U-6DOF-Al-minyum-Robot-Kol-Mekanik-Robot-Kelep-e-Pen-e-G-m-100x100.jpg 100w, https:\/\/gemsaluminyum.com\/wp-content\/uploads\/2019\/04\/ROT3U-6DOF-Al-minyum-Robot-Kol-Mekanik-Robot-Kelep-e-Pen-e-G-m-150x150.jpg 150w\" sizes=\"(max-width: 606px) 100vw, 606px\" \/><\/p>\r\n","protected":false},"excerpt":{"rendered":"<p>S\u00fcrekli geni\u015fleyen ve yenilenen \u00fcretim tesisimizde \u00e7ok \u00e7e\u015fitli mekanik i\u015flem \u00e7\u00f6z\u00fcmleri sunuyoruz. Ger\u00e7ekle\u015ftirdi\u011fimiz i\u015flem uygulamalar\u0131ndan baz\u0131lar\u0131 a\u015fa\u011f\u0131daki gibidir; \u2022 A\u00e7\u0131l\u0131 ve 90 derece kesim. \u2022 Profil kesim y\u00fczeylerinin z\u0131mparalanmas\u0131. \u2022 CNC hassas dilimleme. \u2022 CNC boru b\u00fckme. \u2022 Eksantrik presle delik delme, birle\u015ftirme, kanal a\u00e7ma. \u2022 CNC profil b\u00fckme. \u2022 K\u0131lavuz \u00e7ekme ve hav\u015fa a\u00e7ma. [&hellip;]<\/p>\n","protected":false},"author":1,"featured_media":0,"parent":0,"menu_order":0,"comment_status":"closed","ping_status":"closed","template":"","meta":{"_mi_skip_tracking":false,"_exactmetrics_sitenote_active":false,"_exactmetrics_sitenote_note":"","_exactmetrics_sitenote_category":0,"_monsterinsights_sitenote_active":false,"_monsterinsights_sitenote_note":"","_monsterinsights_sitenote_category":0,"footnotes":""},"_links":{"self":[{"href":"https:\/\/gemsaluminyum.com\/index.php?rest_route=\/wp\/v2\/pages\/354"}],"collection":[{"href":"https:\/\/gemsaluminyum.com\/index.php?rest_route=\/wp\/v2\/pages"}],"about":[{"href":"https:\/\/gemsaluminyum.com\/index.php?rest_route=\/wp\/v2\/types\/page"}],"author":[{"embeddable":true,"href":"https:\/\/gemsaluminyum.com\/index.php?rest_route=\/wp\/v2\/users\/1"}],"replies":[{"embeddable":true,"href":"https:\/\/gemsaluminyum.com\/index.php?rest_route=%2Fwp%2Fv2%2Fcomments&post=354"}],"version-history":[{"count":3,"href":"https:\/\/gemsaluminyum.com\/index.php?rest_route=\/wp\/v2\/pages\/354\/revisions"}],"predecessor-version":[{"id":458,"href":"https:\/\/gemsaluminyum.com\/index.php?rest_route=\/wp\/v2\/pages\/354\/revisions\/458"}],"wp:attachment":[{"href":"https:\/\/gemsaluminyum.com\/index.php?rest_route=%2Fwp%2Fv2%2Fmedia&parent=354"}],"curies":[{"name":"wp","href":"https:\/\/api.w.org\/{rel}","templated":true}]}}