{"id":347,"date":"2019-04-23T15:40:11","date_gmt":"2019-04-23T12:40:11","guid":{"rendered":"http:\/\/localhost\/wptr\/?page_id=347"},"modified":"2019-04-24T21:42:34","modified_gmt":"2019-04-24T18:42:34","slug":"elektrostatik-toz-boyama","status":"publish","type":"page","link":"https:\/\/gemsaluminyum.com\/?page_id=347","title":{"rendered":"Elektrostatik Toz Boyama"},"content":{"rendered":"\r\n<p>Elektrostatik toz boyama i\u015flemi Qualicoat standartlar\u0131na uygun olarak yap\u0131lmaktad\u0131r. Son teknoloji ile \u00e7al\u0131\u015fan, yenilenen hatt\u0131m\u0131z, m\u00fc\u015fterilerimizin y\u00fcksek kalite beklentisini en iyi \u015fekilde kar\u015f\u0131lamam\u0131z\u0131 sa\u011flamaktad\u0131r. Sekt\u00f6rdeki lider boya tedarik\u00e7ileri ile \u00e7al\u0131\u015farak, t\u00fcm Standard RAL renkleri ve ayr\u0131ca m\u00fc\u015fteri iste\u011fine ba\u011fl\u0131 \u00f6zel renkleri \u00e7al\u0131\u015fabiliyoruz. Her safhada yap\u0131lan kalite kontrol prosesleri ile en y\u00fcksek kaliteyi garantiliyoruz. Yenilenen toz boya hatt\u0131m\u0131z\u0131n sundu\u011fu olanaklardan baz\u0131lar\u0131; \u2022 Tamamen kapal\u0131 statik toz boya hatt\u0131. (y\u00fczeydeki toz ve di\u011fer kal\u0131nt\u0131lar\u0131 engellemek i\u00e7in). \u2022 52 adet ask\u0131lama \u00fcnitesi. \u2022 Kromsuz y\u00fczey \u00f6n i\u015flemi destekleyen dozaj \u00fcnitesi. \u2022 Ta\u015f\u0131y\u0131c\u0131lar\u0131n s\u00fcrekli temizli\u011fi. \u2022 6 metreye kadar boyamaya uygun \u00fcretim hatt\u0131. \u2022 PLC otomasyonlu vin\u00e7ler. \u2022 Dakikada 4 metre boyama yapabilen konvey\u00f6r h\u0131z\u0131. \u2022 Box tipi (Power and Free) f\u0131r\u0131n sistemi. \u2022 Kaliteli boya ekipmanlar\u0131 (Gema). \u2022 Bilgisayar destekli k\u0131z\u0131l\u00f6tesi sistem. \u2022 Fotosel kontroll\u00fc 16 sprey tabancas\u0131. \u2022 Ayl\u0131k 600 tona kadar \u00fcretim kapasitesi.<\/p>\r\n\r\n\r\n\r\n<figure class=\"wp-block-image\"><img loading=\"lazy\" decoding=\"async\" width=\"1024\" height=\"576\" class=\"wp-image-415\" src=\"http:\/\/localhost\/wptr\/wp-content\/uploads\/2019\/04\/TB1QWZrRFXXXXX0aXXXXXXXXXXX-1024x576.jpg\" alt=\"\" srcset=\"https:\/\/gemsaluminyum.com\/wp-content\/uploads\/2019\/04\/TB1QWZrRFXXXXX0aXXXXXXXXXXX-1024x576.jpg 1024w, https:\/\/gemsaluminyum.com\/wp-content\/uploads\/2019\/04\/TB1QWZrRFXXXXX0aXXXXXXXXXXX-600x338.jpg 600w, https:\/\/gemsaluminyum.com\/wp-content\/uploads\/2019\/04\/TB1QWZrRFXXXXX0aXXXXXXXXXXX-300x169.jpg 300w, https:\/\/gemsaluminyum.com\/wp-content\/uploads\/2019\/04\/TB1QWZrRFXXXXX0aXXXXXXXXXXX-768x432.jpg 768w, https:\/\/gemsaluminyum.com\/wp-content\/uploads\/2019\/04\/TB1QWZrRFXXXXX0aXXXXXXXXXXX.jpg 1280w\" sizes=\"(max-width: 1024px) 100vw, 1024px\" \/><\/figure>\r\n","protected":false},"excerpt":{"rendered":"<p>Elektrostatik toz boyama i\u015flemi Qualicoat standartlar\u0131na uygun olarak yap\u0131lmaktad\u0131r. Son teknoloji ile \u00e7al\u0131\u015fan, yenilenen hatt\u0131m\u0131z, m\u00fc\u015fterilerimizin y\u00fcksek kalite beklentisini en iyi \u015fekilde kar\u015f\u0131lamam\u0131z\u0131 sa\u011flamaktad\u0131r. Sekt\u00f6rdeki lider boya tedarik\u00e7ileri ile \u00e7al\u0131\u015farak, t\u00fcm Standard RAL renkleri ve ayr\u0131ca m\u00fc\u015fteri iste\u011fine ba\u011fl\u0131 \u00f6zel renkleri \u00e7al\u0131\u015fabiliyoruz. Her safhada yap\u0131lan kalite kontrol prosesleri ile en y\u00fcksek kaliteyi garantiliyoruz. Yenilenen toz [&hellip;]<\/p>\n","protected":false},"author":1,"featured_media":0,"parent":0,"menu_order":0,"comment_status":"closed","ping_status":"closed","template":"","meta":{"_mi_skip_tracking":false,"_exactmetrics_sitenote_active":false,"_exactmetrics_sitenote_note":"","_exactmetrics_sitenote_category":0,"_monsterinsights_sitenote_active":false,"_monsterinsights_sitenote_note":"","_monsterinsights_sitenote_category":0,"footnotes":""},"_links":{"self":[{"href":"https:\/\/gemsaluminyum.com\/index.php?rest_route=\/wp\/v2\/pages\/347"}],"collection":[{"href":"https:\/\/gemsaluminyum.com\/index.php?rest_route=\/wp\/v2\/pages"}],"about":[{"href":"https:\/\/gemsaluminyum.com\/index.php?rest_route=\/wp\/v2\/types\/page"}],"author":[{"embeddable":true,"href":"https:\/\/gemsaluminyum.com\/index.php?rest_route=\/wp\/v2\/users\/1"}],"replies":[{"embeddable":true,"href":"https:\/\/gemsaluminyum.com\/index.php?rest_route=%2Fwp%2Fv2%2Fcomments&post=347"}],"version-history":[{"count":3,"href":"https:\/\/gemsaluminyum.com\/index.php?rest_route=\/wp\/v2\/pages\/347\/revisions"}],"predecessor-version":[{"id":457,"href":"https:\/\/gemsaluminyum.com\/index.php?rest_route=\/wp\/v2\/pages\/347\/revisions\/457"}],"wp:attachment":[{"href":"https:\/\/gemsaluminyum.com\/index.php?rest_route=%2Fwp%2Fv2%2Fmedia&parent=347"}],"curies":[{"name":"wp","href":"https:\/\/api.w.org\/{rel}","templated":true}]}}