{"id":340,"date":"2019-04-23T15:39:21","date_gmt":"2019-04-23T12:39:21","guid":{"rendered":"http:\/\/localhost\/wptr\/?page_id=340"},"modified":"2019-04-24T21:41:14","modified_gmt":"2019-04-24T18:41:14","slug":"eloksal","status":"publish","type":"page","link":"https:\/\/gemsaluminyum.com\/?page_id=340","title":{"rendered":"Eloksal"},"content":{"rendered":"\r\n<p>Eloksal tesisimizde Qualanod standartlar\u0131na uyumlu olarak \u00fcretim yap\u0131lmaktad\u0131r. 5 ile 25 mikron kal\u0131nl\u0131klar\u0131 aras\u0131nda, farkl\u0131 renklerde eloksal kaplamas\u0131 yapabilmekteyiz. A\u015fa\u011f\u0131daki y\u00fczey i\u015flem proseslerini ger\u00e7ekle\u015ftiriyoruz; \u2022 Mat Eloksal \u2022 Mekanik Parlak Eloksal \u2022 Yar\u0131 Parlak Eloksal \u2022 Kimyasal Parlak E\u015fsiz ve birbirinden \u00e7ekici eloksal renklerimizle, nihai \u00fcr\u00fcnlerinizdeki renk b\u00fct\u00fcnl\u00fc\u011f\u00fcn\u00fc Gems\u00ae Al\u00fcminyum g\u00fcvencesiyle s\u00fcrekli olarak tedarik edebilirsiniz. Eloksal renklerimize ek olarak, alternatif Kumlama ve Satinaj efeklerimiz sayesinde, benzersiz renk yelpazesini profesyonel bir \u015fekilde \u00fcretti\u011fimiz profiller \u00fczerine uyguluyoruz. Y\u00fczey i\u015flem renk ve efektlerinden olu\u015fan 80\u2019in \u00fczerindeki dekoratif y\u00fczey \u00e7e\u015fidini m\u00fc\u015fterilerimizin be\u011fenisine sunuyoruz.<\/p>\r\n\r\n\r\n\r\n<figure class=\"wp-block-image\"><img loading=\"lazy\" decoding=\"async\" width=\"1024\" height=\"768\" class=\"wp-image-413\" src=\"http:\/\/localhost\/wptr\/wp-content\/uploads\/2019\/04\/Blotching20on20Part-1024x768.jpg\" alt=\"\" srcset=\"https:\/\/gemsaluminyum.com\/wp-content\/uploads\/2019\/04\/Blotching20on20Part-1024x768.jpg 1024w, https:\/\/gemsaluminyum.com\/wp-content\/uploads\/2019\/04\/Blotching20on20Part-600x450.jpg 600w, https:\/\/gemsaluminyum.com\/wp-content\/uploads\/2019\/04\/Blotching20on20Part-300x225.jpg 300w, https:\/\/gemsaluminyum.com\/wp-content\/uploads\/2019\/04\/Blotching20on20Part-768x576.jpg 768w\" sizes=\"(max-width: 1024px) 100vw, 1024px\" \/><\/figure>\r\n","protected":false},"excerpt":{"rendered":"<p>Eloksal tesisimizde Qualanod standartlar\u0131na uyumlu olarak \u00fcretim yap\u0131lmaktad\u0131r. 5 ile 25 mikron kal\u0131nl\u0131klar\u0131 aras\u0131nda, farkl\u0131 renklerde eloksal kaplamas\u0131 yapabilmekteyiz. A\u015fa\u011f\u0131daki y\u00fczey i\u015flem proseslerini ger\u00e7ekle\u015ftiriyoruz; \u2022 Mat Eloksal \u2022 Mekanik Parlak Eloksal \u2022 Yar\u0131 Parlak Eloksal \u2022 Kimyasal Parlak E\u015fsiz ve birbirinden \u00e7ekici eloksal renklerimizle, nihai \u00fcr\u00fcnlerinizdeki renk b\u00fct\u00fcnl\u00fc\u011f\u00fcn\u00fc Gems\u00ae Al\u00fcminyum g\u00fcvencesiyle s\u00fcrekli olarak tedarik edebilirsiniz. [&hellip;]<\/p>\n","protected":false},"author":1,"featured_media":0,"parent":0,"menu_order":0,"comment_status":"closed","ping_status":"closed","template":"","meta":{"_mi_skip_tracking":false,"_exactmetrics_sitenote_active":false,"_exactmetrics_sitenote_note":"","_exactmetrics_sitenote_category":0,"_monsterinsights_sitenote_active":false,"_monsterinsights_sitenote_note":"","_monsterinsights_sitenote_category":0,"footnotes":""},"_links":{"self":[{"href":"https:\/\/gemsaluminyum.com\/index.php?rest_route=\/wp\/v2\/pages\/340"}],"collection":[{"href":"https:\/\/gemsaluminyum.com\/index.php?rest_route=\/wp\/v2\/pages"}],"about":[{"href":"https:\/\/gemsaluminyum.com\/index.php?rest_route=\/wp\/v2\/types\/page"}],"author":[{"embeddable":true,"href":"https:\/\/gemsaluminyum.com\/index.php?rest_route=\/wp\/v2\/users\/1"}],"replies":[{"embeddable":true,"href":"https:\/\/gemsaluminyum.com\/index.php?rest_route=%2Fwp%2Fv2%2Fcomments&post=340"}],"version-history":[{"count":3,"href":"https:\/\/gemsaluminyum.com\/index.php?rest_route=\/wp\/v2\/pages\/340\/revisions"}],"predecessor-version":[{"id":456,"href":"https:\/\/gemsaluminyum.com\/index.php?rest_route=\/wp\/v2\/pages\/340\/revisions\/456"}],"wp:attachment":[{"href":"https:\/\/gemsaluminyum.com\/index.php?rest_route=%2Fwp%2Fv2%2Fmedia&parent=340"}],"curies":[{"name":"wp","href":"https:\/\/api.w.org\/{rel}","templated":true}]}}