{"id":333,"date":"2019-04-23T15:38:28","date_gmt":"2019-04-23T12:38:28","guid":{"rendered":"http:\/\/localhost\/wptr\/?page_id=333"},"modified":"2019-04-24T10:08:59","modified_gmt":"2019-04-24T07:08:59","slug":"ekstruzyon","status":"publish","type":"page","link":"https:\/\/gemsaluminyum.com\/?page_id=333","title":{"rendered":"Ekstr\u00fczyon"},"content":{"rendered":"\n<p> \u0130leri teknoloji ve uzun y\u0131llar\u0131n vermi\u015f oldu\u011fu tecr\u00fcbeyle; en uygun ala\u015f\u0131m se\u00e7imini, \u00fcretimi zor olan profillerde dahi y\u00fcksek y\u00fczey kalitesini devaml\u0131 bir \u015fekilde m\u00fc\u015fterilerimize sunuyoruz. Ekstr\u00fczyon hatt\u0131m\u0131zda tek presimiz bulunmaktad\u0131r; 1000 Tonluk  &#8211; \u00c7in , Ekstr\u00fczyon hatt\u0131m\u0131zda ayr\u0131ca; Biyet F\u0131r\u00e7alama Sistemi : Daha iyi \u00fcr\u00fcn kalitesi elde etmek i\u00e7in biyetleri temizlemek \u00fczere kurulmu\u015ftur. Suni Ya\u015fland\u0131rma F\u0131r\u0131nlar\u0131 : De\u011fi\u015fik sertlik seviyelerini yakalamak i\u00e7in esneklik sa\u011flar. Kal\u0131p Polisaj Makineleri : Y\u00fcksek parlakl\u0131\u011f\u0131 olan \u00fcr\u00fcnlerdeki ekstr\u00fczyon \u00e7izgilerini engellemeyi sa\u011flar. Speed Control System : Eloksal sonras\u0131 renk farkl\u0131l\u0131klar\u0131n\u0131 \u00f6nlemeyi sa\u011flar. <\/p>\n\n\n\n<figure class=\"wp-block-image\"><img loading=\"lazy\" decoding=\"async\" width=\"1024\" height=\"576\" src=\"http:\/\/localhost\/wptr\/wp-content\/uploads\/2019\/04\/maxresdefault-1024x576.jpg\" alt=\"\" class=\"wp-image-411\" srcset=\"https:\/\/gemsaluminyum.com\/wp-content\/uploads\/2019\/04\/maxresdefault-1024x576.jpg 1024w, https:\/\/gemsaluminyum.com\/wp-content\/uploads\/2019\/04\/maxresdefault-600x338.jpg 600w, https:\/\/gemsaluminyum.com\/wp-content\/uploads\/2019\/04\/maxresdefault-300x169.jpg 300w, https:\/\/gemsaluminyum.com\/wp-content\/uploads\/2019\/04\/maxresdefault-768x432.jpg 768w, https:\/\/gemsaluminyum.com\/wp-content\/uploads\/2019\/04\/maxresdefault.jpg 1280w\" sizes=\"(max-width: 1024px) 100vw, 1024px\" \/><\/figure>\n","protected":false},"excerpt":{"rendered":"<p>\u0130leri teknoloji ve uzun y\u0131llar\u0131n vermi\u015f oldu\u011fu tecr\u00fcbeyle; en uygun ala\u015f\u0131m se\u00e7imini, \u00fcretimi zor olan profillerde dahi y\u00fcksek y\u00fczey kalitesini devaml\u0131 bir \u015fekilde m\u00fc\u015fterilerimize sunuyoruz. Ekstr\u00fczyon hatt\u0131m\u0131zda tek presimiz bulunmaktad\u0131r; 1000 Tonluk &#8211; \u00c7in , Ekstr\u00fczyon hatt\u0131m\u0131zda ayr\u0131ca; Biyet F\u0131r\u00e7alama Sistemi : Daha iyi \u00fcr\u00fcn kalitesi elde etmek i\u00e7in biyetleri temizlemek \u00fczere kurulmu\u015ftur. Suni Ya\u015fland\u0131rma [&hellip;]<\/p>\n","protected":false},"author":1,"featured_media":0,"parent":0,"menu_order":0,"comment_status":"closed","ping_status":"closed","template":"","meta":{"_mi_skip_tracking":false,"_exactmetrics_sitenote_active":false,"_exactmetrics_sitenote_note":"","_exactmetrics_sitenote_category":0,"_monsterinsights_sitenote_active":false,"_monsterinsights_sitenote_note":"","_monsterinsights_sitenote_category":0,"footnotes":""},"_links":{"self":[{"href":"https:\/\/gemsaluminyum.com\/index.php?rest_route=\/wp\/v2\/pages\/333"}],"collection":[{"href":"https:\/\/gemsaluminyum.com\/index.php?rest_route=\/wp\/v2\/pages"}],"about":[{"href":"https:\/\/gemsaluminyum.com\/index.php?rest_route=\/wp\/v2\/types\/page"}],"author":[{"embeddable":true,"href":"https:\/\/gemsaluminyum.com\/index.php?rest_route=\/wp\/v2\/users\/1"}],"replies":[{"embeddable":true,"href":"https:\/\/gemsaluminyum.com\/index.php?rest_route=%2Fwp%2Fv2%2Fcomments&post=333"}],"version-history":[{"count":2,"href":"https:\/\/gemsaluminyum.com\/index.php?rest_route=\/wp\/v2\/pages\/333\/revisions"}],"predecessor-version":[{"id":412,"href":"https:\/\/gemsaluminyum.com\/index.php?rest_route=\/wp\/v2\/pages\/333\/revisions\/412"}],"wp:attachment":[{"href":"https:\/\/gemsaluminyum.com\/index.php?rest_route=%2Fwp%2Fv2%2Fmedia&parent=333"}],"curies":[{"name":"wp","href":"https:\/\/api.w.org\/{rel}","templated":true}]}}