{"id":326,"date":"2019-04-23T15:37:00","date_gmt":"2019-04-23T12:37:00","guid":{"rendered":"http:\/\/localhost\/wptr\/?page_id=326"},"modified":"2019-04-24T21:39:23","modified_gmt":"2019-04-24T18:39:23","slug":"kaliphane","status":"publish","type":"page","link":"https:\/\/gemsaluminyum.com\/?page_id=326","title":{"rendered":"Kal\u0131phane"},"content":{"rendered":"\r\n<p>Kal\u0131p \u00fcretimi en son teknoloji ile yap\u0131lmaktad\u0131r. CAD\/CAM uygulamalar\u0131n\u0131 kullanarak ve dar toleranslarla \u00e7al\u0131\u015farak m\u00fc\u015fterilerimize kal\u0131p \u00fcretim s\u00fcreci boyunca destek sa\u011flamaktay\u0131z. Deneyimli kadromuzla kal\u0131plar\u0131 kendi tesisimizde \u00fcretebiliyoruz ve ayr\u0131ca \u00f6nde gelen yurti\u00e7i ve yurtd\u0131\u015f\u0131 tedarik\u00e7ilerden de kal\u0131p temin ediyoruz. Ayr\u0131ca tecr\u00fcbeli teknik ekibimizle m\u00fc\u015fteri iste\u011fi do\u011frultusunda kal\u0131p \u00fczerinde h\u0131zl\u0131 de\u011fi\u015fiklikler uygulayabiliyoruz ve b\u00f6ylelikle teslimat s\u00fcrelerindeki aksamalar\u0131n \u00f6n\u00fcne ge\u00e7iyoruz.<\/p>\r\n\r\n\r\n\r\n<figure class=\"wp-block-image\"><img loading=\"lazy\" decoding=\"async\" width=\"874\" height=\"624\" class=\"wp-image-409\" src=\"http:\/\/localhost\/wptr\/wp-content\/uploads\/2019\/04\/pro-2.jpg\" alt=\"\" srcset=\"https:\/\/gemsaluminyum.com\/wp-content\/uploads\/2019\/04\/pro-2.jpg 874w, https:\/\/gemsaluminyum.com\/wp-content\/uploads\/2019\/04\/pro-2-600x428.jpg 600w, https:\/\/gemsaluminyum.com\/wp-content\/uploads\/2019\/04\/pro-2-300x214.jpg 300w, https:\/\/gemsaluminyum.com\/wp-content\/uploads\/2019\/04\/pro-2-768x548.jpg 768w\" sizes=\"(max-width: 874px) 100vw, 874px\" \/><\/figure>\r\n","protected":false},"excerpt":{"rendered":"<p>Kal\u0131p \u00fcretimi en son teknoloji ile yap\u0131lmaktad\u0131r. CAD\/CAM uygulamalar\u0131n\u0131 kullanarak ve dar toleranslarla \u00e7al\u0131\u015farak m\u00fc\u015fterilerimize kal\u0131p \u00fcretim s\u00fcreci boyunca destek sa\u011flamaktay\u0131z. Deneyimli kadromuzla kal\u0131plar\u0131 kendi tesisimizde \u00fcretebiliyoruz ve ayr\u0131ca \u00f6nde gelen yurti\u00e7i ve yurtd\u0131\u015f\u0131 tedarik\u00e7ilerden de kal\u0131p temin ediyoruz. Ayr\u0131ca tecr\u00fcbeli teknik ekibimizle m\u00fc\u015fteri iste\u011fi do\u011frultusunda kal\u0131p \u00fczerinde h\u0131zl\u0131 de\u011fi\u015fiklikler uygulayabiliyoruz ve b\u00f6ylelikle teslimat s\u00fcrelerindeki [&hellip;]<\/p>\n","protected":false},"author":1,"featured_media":0,"parent":0,"menu_order":0,"comment_status":"closed","ping_status":"closed","template":"","meta":{"_mi_skip_tracking":false,"_exactmetrics_sitenote_active":false,"_exactmetrics_sitenote_note":"","_exactmetrics_sitenote_category":0,"_monsterinsights_sitenote_active":false,"_monsterinsights_sitenote_note":"","_monsterinsights_sitenote_category":0,"footnotes":""},"_links":{"self":[{"href":"https:\/\/gemsaluminyum.com\/index.php?rest_route=\/wp\/v2\/pages\/326"}],"collection":[{"href":"https:\/\/gemsaluminyum.com\/index.php?rest_route=\/wp\/v2\/pages"}],"about":[{"href":"https:\/\/gemsaluminyum.com\/index.php?rest_route=\/wp\/v2\/types\/page"}],"author":[{"embeddable":true,"href":"https:\/\/gemsaluminyum.com\/index.php?rest_route=\/wp\/v2\/users\/1"}],"replies":[{"embeddable":true,"href":"https:\/\/gemsaluminyum.com\/index.php?rest_route=%2Fwp%2Fv2%2Fcomments&post=326"}],"version-history":[{"count":3,"href":"https:\/\/gemsaluminyum.com\/index.php?rest_route=\/wp\/v2\/pages\/326\/revisions"}],"predecessor-version":[{"id":455,"href":"https:\/\/gemsaluminyum.com\/index.php?rest_route=\/wp\/v2\/pages\/326\/revisions\/455"}],"wp:attachment":[{"href":"https:\/\/gemsaluminyum.com\/index.php?rest_route=%2Fwp%2Fv2%2Fmedia&parent=326"}],"curies":[{"name":"wp","href":"https:\/\/api.w.org\/{rel}","templated":true}]}}