{"id":309,"date":"2019-04-23T15:26:27","date_gmt":"2019-04-23T12:26:27","guid":{"rendered":"http:\/\/localhost\/wptr\/?page_id=309"},"modified":"2019-04-24T09:12:30","modified_gmt":"2019-04-24T06:12:30","slug":"kalite-politikasi","status":"publish","type":"page","link":"https:\/\/gemsaluminyum.com\/?page_id=309","title":{"rendered":"Kalite Politikas\u0131"},"content":{"rendered":"\n<p> Gems\u00ae Al\u00fcminyum olarak kalite politikam\u0131z s\u00fcrekli geli\u015ftirme ve verimlili\u011fe dayanmaktad\u0131r. Kalite anlay\u0131\u015f\u0131m\u0131z sadece \u00fcretti\u011fimiz \u00fcr\u00fcnlerle s\u0131n\u0131rl\u0131 olmay\u0131p kurumsal kimli\u011fimizin bir par\u00e7as\u0131d\u0131r. K\u0131sa vadeli hedef ve yararlara odaklanmak yerine, uzun s\u00fcreli b\u00fcy\u00fcme ve istikrar i\u00e7in \u00e7aba g\u00f6steriyoruz. Bu a\u00e7\u0131dan bak\u0131ld\u0131\u011f\u0131nda, sekt\u00f6rde \u00f6nde gelen kurulu\u015flardan biriyiz ve bu end\u00fcstrideki oyunculara \u00f6rnek te\u015fkil etmekten gurur duyuyoruz. <\/p>\n\n\n\n<div class=\"wp-block-media-text alignwide\" style=\"grid-template-columns:75% auto\"><figure class=\"wp-block-media-text__media\"><img loading=\"lazy\" decoding=\"async\" width=\"799\" height=\"800\" src=\"http:\/\/localhost\/wptr\/wp-content\/uploads\/2019\/04\/sheet-plate-profiles-tube-from-aalco.jpg\" alt=\"\" class=\"wp-image-404\" srcset=\"https:\/\/gemsaluminyum.com\/wp-content\/uploads\/2019\/04\/sheet-plate-profiles-tube-from-aalco.jpg 799w, https:\/\/gemsaluminyum.com\/wp-content\/uploads\/2019\/04\/sheet-plate-profiles-tube-from-aalco-300x300.jpg 300w, https:\/\/gemsaluminyum.com\/wp-content\/uploads\/2019\/04\/sheet-plate-profiles-tube-from-aalco-100x100.jpg 100w, https:\/\/gemsaluminyum.com\/wp-content\/uploads\/2019\/04\/sheet-plate-profiles-tube-from-aalco-600x601.jpg 600w, https:\/\/gemsaluminyum.com\/wp-content\/uploads\/2019\/04\/sheet-plate-profiles-tube-from-aalco-150x150.jpg 150w, https:\/\/gemsaluminyum.com\/wp-content\/uploads\/2019\/04\/sheet-plate-profiles-tube-from-aalco-768x769.jpg 768w\" sizes=\"(max-width: 799px) 100vw, 799px\" \/><\/figure><div class=\"wp-block-media-text__content\">\n<p class=\"has-large-font-size\"><\/p>\n<\/div><\/div>\n","protected":false},"excerpt":{"rendered":"<p>Gems\u00ae Al\u00fcminyum olarak kalite politikam\u0131z s\u00fcrekli geli\u015ftirme ve verimlili\u011fe dayanmaktad\u0131r. Kalite anlay\u0131\u015f\u0131m\u0131z sadece \u00fcretti\u011fimiz \u00fcr\u00fcnlerle s\u0131n\u0131rl\u0131 olmay\u0131p kurumsal kimli\u011fimizin bir par\u00e7as\u0131d\u0131r. K\u0131sa vadeli hedef ve yararlara odaklanmak yerine, uzun s\u00fcreli b\u00fcy\u00fcme ve istikrar i\u00e7in \u00e7aba g\u00f6steriyoruz. Bu a\u00e7\u0131dan bak\u0131ld\u0131\u011f\u0131nda, sekt\u00f6rde \u00f6nde gelen kurulu\u015flardan biriyiz ve bu end\u00fcstrideki oyunculara \u00f6rnek te\u015fkil etmekten gurur duyuyoruz.<\/p>\n","protected":false},"author":1,"featured_media":0,"parent":0,"menu_order":0,"comment_status":"closed","ping_status":"closed","template":"","meta":{"_mi_skip_tracking":false,"_exactmetrics_sitenote_active":false,"_exactmetrics_sitenote_note":"","_exactmetrics_sitenote_category":0,"_monsterinsights_sitenote_active":false,"_monsterinsights_sitenote_note":"","_monsterinsights_sitenote_category":0,"footnotes":""},"_links":{"self":[{"href":"https:\/\/gemsaluminyum.com\/index.php?rest_route=\/wp\/v2\/pages\/309"}],"collection":[{"href":"https:\/\/gemsaluminyum.com\/index.php?rest_route=\/wp\/v2\/pages"}],"about":[{"href":"https:\/\/gemsaluminyum.com\/index.php?rest_route=\/wp\/v2\/types\/page"}],"author":[{"embeddable":true,"href":"https:\/\/gemsaluminyum.com\/index.php?rest_route=\/wp\/v2\/users\/1"}],"replies":[{"embeddable":true,"href":"https:\/\/gemsaluminyum.com\/index.php?rest_route=%2Fwp%2Fv2%2Fcomments&post=309"}],"version-history":[{"count":2,"href":"https:\/\/gemsaluminyum.com\/index.php?rest_route=\/wp\/v2\/pages\/309\/revisions"}],"predecessor-version":[{"id":405,"href":"https:\/\/gemsaluminyum.com\/index.php?rest_route=\/wp\/v2\/pages\/309\/revisions\/405"}],"wp:attachment":[{"href":"https:\/\/gemsaluminyum.com\/index.php?rest_route=%2Fwp%2Fv2%2Fmedia&parent=309"}],"curies":[{"name":"wp","href":"https:\/\/api.w.org\/{rel}","templated":true}]}}