{"id":293,"date":"2019-04-23T15:22:44","date_gmt":"2019-04-23T12:22:44","guid":{"rendered":"http:\/\/localhost\/wptr\/?page_id=293"},"modified":"2019-04-24T21:37:22","modified_gmt":"2019-04-24T18:37:22","slug":"kurulus","status":"publish","type":"page","link":"https:\/\/gemsaluminyum.com\/?page_id=293","title":{"rendered":"Kurulu\u015f"},"content":{"rendered":"\r\n<p><br \/>Gems\u00ae Al\u00fcminyum 2011\u00a0 y\u0131l\u0131nda K\u00fctahya Gediz il\u00e7esin\u2019de kurulan Elma Yap\u0131 \u0130n\u015faat firmas\u0131n\u0131n tescilli markas\u0131d\u0131r. 2016 sonuna do\u011fru \u00fcretim tesislerinin ve y\u00f6netim ofislerinin tek \u00e7at\u0131 alt\u0131nda toplanmas\u0131 daha iyi bir organizasyon ve kaliteyi beraberinde getirmi\u015ftir. Gems\u00ae Al\u00fcminyum&#8217;un ana amac\u0131 kaliteli \u00fcr\u00fcn\u00fc ve en iyi servisi garantilemektir. Gems\u00ae Al\u00fcminyum, y\u00fcksek kalite ve servis beklentisi olan yurti\u00e7i ve yurtd\u0131\u015f\u0131 farkl\u0131 end\u00fcstri dallar\u0131na hizmet veren, ba\u015fl\u0131ca al\u00fcminyum profil \u00fcreticilerinden biridir. <\/p>\r\n\r\n\r\n\r\n<div class=\"wp-block-media-text alignwide\" style=\"grid-template-columns: 97% auto;\">\r\n<figure class=\"wp-block-media-text__media\"><img loading=\"lazy\" decoding=\"async\" width=\"800\" height=\"533\" class=\"wp-image-400\" src=\"http:\/\/localhost\/wptr\/wp-content\/uploads\/2019\/04\/turk_bayragi_tc_24inuxi.jpg\" alt=\"\" srcset=\"https:\/\/gemsaluminyum.com\/wp-content\/uploads\/2019\/04\/turk_bayragi_tc_24inuxi.jpg 800w, https:\/\/gemsaluminyum.com\/wp-content\/uploads\/2019\/04\/turk_bayragi_tc_24inuxi-600x400.jpg 600w, https:\/\/gemsaluminyum.com\/wp-content\/uploads\/2019\/04\/turk_bayragi_tc_24inuxi-300x200.jpg 300w, https:\/\/gemsaluminyum.com\/wp-content\/uploads\/2019\/04\/turk_bayragi_tc_24inuxi-768x512.jpg 768w\" sizes=\"(max-width: 800px) 100vw, 800px\" \/><\/figure>\r\n<div class=\"wp-block-media-text__content\">\r\n<p class=\"has-small-font-size\">\u00a0<\/p>\r\n<\/div>\r\n<\/div>\r\n","protected":false},"excerpt":{"rendered":"<p>Gems\u00ae Al\u00fcminyum 2011\u00a0 y\u0131l\u0131nda K\u00fctahya Gediz il\u00e7esin\u2019de kurulan Elma Yap\u0131 \u0130n\u015faat firmas\u0131n\u0131n tescilli markas\u0131d\u0131r. 2016 sonuna do\u011fru \u00fcretim tesislerinin ve y\u00f6netim ofislerinin tek \u00e7at\u0131 alt\u0131nda toplanmas\u0131 daha iyi bir organizasyon ve kaliteyi beraberinde getirmi\u015ftir. Gems\u00ae Al\u00fcminyum&#8217;un ana amac\u0131 kaliteli \u00fcr\u00fcn\u00fc ve en iyi servisi garantilemektir. Gems\u00ae Al\u00fcminyum, y\u00fcksek kalite ve servis beklentisi olan yurti\u00e7i ve [&hellip;]<\/p>\n","protected":false},"author":1,"featured_media":0,"parent":0,"menu_order":0,"comment_status":"closed","ping_status":"closed","template":"","meta":{"_mi_skip_tracking":false,"_exactmetrics_sitenote_active":false,"_exactmetrics_sitenote_note":"","_exactmetrics_sitenote_category":0,"_monsterinsights_sitenote_active":false,"_monsterinsights_sitenote_note":"","_monsterinsights_sitenote_category":0,"footnotes":""},"_links":{"self":[{"href":"https:\/\/gemsaluminyum.com\/index.php?rest_route=\/wp\/v2\/pages\/293"}],"collection":[{"href":"https:\/\/gemsaluminyum.com\/index.php?rest_route=\/wp\/v2\/pages"}],"about":[{"href":"https:\/\/gemsaluminyum.com\/index.php?rest_route=\/wp\/v2\/types\/page"}],"author":[{"embeddable":true,"href":"https:\/\/gemsaluminyum.com\/index.php?rest_route=\/wp\/v2\/users\/1"}],"replies":[{"embeddable":true,"href":"https:\/\/gemsaluminyum.com\/index.php?rest_route=%2Fwp%2Fv2%2Fcomments&post=293"}],"version-history":[{"count":4,"href":"https:\/\/gemsaluminyum.com\/index.php?rest_route=\/wp\/v2\/pages\/293\/revisions"}],"predecessor-version":[{"id":454,"href":"https:\/\/gemsaluminyum.com\/index.php?rest_route=\/wp\/v2\/pages\/293\/revisions\/454"}],"wp:attachment":[{"href":"https:\/\/gemsaluminyum.com\/index.php?rest_route=%2Fwp%2Fv2%2Fmedia&parent=293"}],"curies":[{"name":"wp","href":"https:\/\/api.w.org\/{rel}","templated":true}]}}