{"id":151,"date":"2019-04-22T14:59:41","date_gmt":"2019-04-22T11:59:41","guid":{"rendered":"http:\/\/localhost\/wptr\/?page_id=151"},"modified":"2022-10-19T14:29:25","modified_gmt":"2022-10-19T11:29:25","slug":"hakkimizda","status":"publish","type":"page","link":"https:\/\/gemsaluminyum.com\/?page_id=151","title":{"rendered":"Hakk\u0131m\u0131zda"},"content":{"rendered":"\r\n<p>Gems\u00ae Al\u00fcminyum Elma Yap\u0131 \u0130n\u015faat Sanayi ve Ticaret Limited \u015eirketi markas\u0131d\u0131r.<\/p>\r\n\r\n\r\n\r\n\r\n\r\n<p>2011 Y\u0131l\u0131na gelindi\u011finde \u00fcretim alan\u0131na ge\u00e7erek Elma Yap\u0131 firmas\u0131n\u0131n temellerini atarak in\u015faat yap\u0131 alanlar\u0131nda kullan\u0131lmak \u00fczere Al\u00fcminyumdan mam\u00fcl edilen Rekap\u00ae marka Revizyon M\u00fcdahale kapaklar\u0131n\u0131n T\u00fcrkiye ve Uluslararas\u0131 sat\u0131\u015f ve pazarlamas\u0131nda \u00f6nemli yol alm\u0131\u015ft\u0131r.<\/p>\r\n\r\n\r\n\r\n<p>2016 Y\u0131l\u0131nda B\u00fct\u00fcn firmalardaki g\u00fc\u00e7lerini birle\u015ftirerek Gems\u00ae Al\u00fcminyum markas\u0131 ile Ekstr\u00fczyon \u00fcretim hatt\u0131n\u0131 faliyete ge\u00e7irerek bir \u00e7ok Yap\u0131 firmas\u0131n\u0131n \u00f6nemli \u00e7\u00f6z\u00fcm orta\u011f\u0131 olma yolunda ilerlemektedir.<\/p>\r\n","protected":false},"excerpt":{"rendered":"<p>Gems\u00ae Al\u00fcminyum Elma Yap\u0131 \u0130n\u015faat Sanayi ve Ticaret Limited \u015eirketi markas\u0131d\u0131r. 2011 Y\u0131l\u0131na gelindi\u011finde \u00fcretim alan\u0131na ge\u00e7erek Elma Yap\u0131 firmas\u0131n\u0131n temellerini atarak in\u015faat yap\u0131 alanlar\u0131nda kullan\u0131lmak \u00fczere Al\u00fcminyumdan mam\u00fcl edilen Rekap\u00ae marka Revizyon M\u00fcdahale kapaklar\u0131n\u0131n T\u00fcrkiye ve Uluslararas\u0131 sat\u0131\u015f ve pazarlamas\u0131nda \u00f6nemli yol alm\u0131\u015ft\u0131r. 2016 Y\u0131l\u0131nda B\u00fct\u00fcn firmalardaki g\u00fc\u00e7lerini birle\u015ftirerek Gems\u00ae Al\u00fcminyum markas\u0131 ile Ekstr\u00fczyon [&hellip;]<\/p>\n","protected":false},"author":1,"featured_media":0,"parent":0,"menu_order":0,"comment_status":"closed","ping_status":"closed","template":"","meta":{"_mi_skip_tracking":false,"_exactmetrics_sitenote_active":false,"_exactmetrics_sitenote_note":"","_exactmetrics_sitenote_category":0,"_monsterinsights_sitenote_active":false,"_monsterinsights_sitenote_note":"","_monsterinsights_sitenote_category":0,"footnotes":""},"_links":{"self":[{"href":"https:\/\/gemsaluminyum.com\/index.php?rest_route=\/wp\/v2\/pages\/151"}],"collection":[{"href":"https:\/\/gemsaluminyum.com\/index.php?rest_route=\/wp\/v2\/pages"}],"about":[{"href":"https:\/\/gemsaluminyum.com\/index.php?rest_route=\/wp\/v2\/types\/page"}],"author":[{"embeddable":true,"href":"https:\/\/gemsaluminyum.com\/index.php?rest_route=\/wp\/v2\/users\/1"}],"replies":[{"embeddable":true,"href":"https:\/\/gemsaluminyum.com\/index.php?rest_route=%2Fwp%2Fv2%2Fcomments&post=151"}],"version-history":[{"count":5,"href":"https:\/\/gemsaluminyum.com\/index.php?rest_route=\/wp\/v2\/pages\/151\/revisions"}],"predecessor-version":[{"id":579,"href":"https:\/\/gemsaluminyum.com\/index.php?rest_route=\/wp\/v2\/pages\/151\/revisions\/579"}],"wp:attachment":[{"href":"https:\/\/gemsaluminyum.com\/index.php?rest_route=%2Fwp%2Fv2%2Fmedia&parent=151"}],"curies":[{"name":"wp","href":"https:\/\/api.w.org\/{rel}","templated":true}]}}